{"id":533,"date":"2024-03-20T12:37:07","date_gmt":"2024-03-20T12:37:07","guid":{"rendered":"https:\/\/mammamiatenerife.es\/?page_id=533"},"modified":"2026-05-13T10:03:07","modified_gmt":"2026-05-13T10:03:07","slug":"pescados","status":"publish","type":"page","link":"https:\/\/mammamiatenerife.es\/es\/pescados\/","title":{"rendered":"Pescados"},"content":{"rendered":"<section class=\"l-section wpb_row us_custom_de67d1db height_medium width_full\"><div class=\"l-section-h i-cf\"><div class=\"g-cols vc_row via_grid cols_1 laptops-cols_inherit tablets-cols_inherit mobiles-cols_1 valign_top type_default stacking_default\"><div class=\"wpb_column vc_column_container\"><div class=\"vc_column-inner\">[vc_custom_heading text=\u00bbMEN\u00da\u00bb font_container=\u00bbtag:div|text_align:left\u00bb use_theme_fonts=\u00bbyes\u00bb css=\u00bb%7B%22default%22%3A%7B%22text-align%22%3A%22center%22%2C%22font-size%22%3A%220.8rem%22%2C%22text-transform%22%3A%22uppercase%22%2C%22animation-name%22%3A%22fade%22%2C%22animation-delay%22%3A%220.5s%22%7D%7D\u00bb][vc_custom_heading text=\u00bbPescados frescos\u00bb font_container=\u00bbtag:h2|text_align:center\u00bb use_theme_fonts=\u00bbyes\u00bb css=\u00bb%7B%22default%22%3A%7B%22color%22%3A%22%23333333%22%2C%22text-transform%22%3A%22uppercase%22%2C%22animation-name%22%3A%22fade%22%2C%22animation-delay%22%3A%220.5s%22%7D%7D\u00bb]<div class=\"w-image us_custom_f1a4f275 us_animate_this align_center\"><div class=\"w-image-h\"><img loading=\"lazy\" decoding=\"async\" width=\"116\" height=\"5\" src=\"https:\/\/mammamiatenerife.es\/wp-content\/uploads\/2022\/12\/separador.png\" class=\"attachment-full size-full\" alt=\"\" \/><\/div><\/div><\/div><\/div><\/div><\/div><\/section><section class=\"l-section wpb_row height_auto\"><div class=\"l-section-h i-cf\"><div class=\"g-cols vc_row via_grid cols_1 laptops-cols_inherit tablets-cols_inherit mobiles-cols_1 valign_top type_default stacking_default\"><div class=\"wpb_column vc_column_container\"><div class=\"vc_column-inner\"><div class=\"w-tabs us_custom_f1a4f275 us_animate_this style_default switch_click accordion has_scrolling\" style=\"--sections-title-size:inherit\"><div class=\"w-tabs-sections titles-align_none icon_chevron cpos_right\"><div class=\"w-tabs-section active\" id=\"c632\"><button class=\"w-tabs-section-header active with_icon\" aria-controls=\"content-c632\" aria-expanded=\"true\"><i class=\"fas fa-fish-cooked\"><\/i><div class=\"w-tabs-section-title\">PESCADOS<\/div><div class=\"w-tabs-section-control\"><\/div><\/button><div  class=\"w-tabs-section-content\" id=\"content-c632\"><div class=\"w-tabs-section-content-h i-cf\"><div class=\"wpb_text_column\"><div class=\"wpb_wrapper\"><p>Servidos con guarnici\u00f3n<\/p>\n<\/div><\/div><div class=\"w-separator size_medium\"><\/div><div class=\"g-cols wpb_row via_grid cols_2 laptops-cols_inherit tablets-cols_inherit mobiles-cols_1 valign_top type_default stacking_default\"><div class=\"wpb_column vc_column_container\"><div class=\"vc_column-inner\"><div class=\"w-vwrapper align_none valign_top\"><div class=\"wpb_text_column\"><div class=\"wpb_wrapper\"><h4>38- Calamares a la romana<\/h4>\n<p>servidos con papas fritas, ensalada y alioli.<\/p>\n<\/div><\/div><div class=\"w-separator size_medium\"><\/div><\/div><\/div><\/div><div class=\"wpb_column vc_column_container\"><div class=\"vc_column-inner\"><div class=\"w-vwrapper align_none valign_top\"><div class=\"wpb_text_column\"><div class=\"wpb_wrapper\"><h4>39- Bacalao frito al estilo ingl\u00e9s<\/h4>\n<p>(Fish and chips) servido con alioli.<\/p>\n<\/div><\/div><div class=\"w-separator size_medium\"><\/div><\/div><\/div><\/div><\/div><div class=\"g-cols wpb_row via_grid cols_2 laptops-cols_inherit tablets-cols_inherit mobiles-cols_1 valign_top type_default stacking_default\"><div class=\"wpb_column vc_column_container\"><div class=\"vc_column-inner\"><div class=\"w-vwrapper align_none valign_top\"><div class=\"wpb_text_column\"><div class=\"wpb_wrapper\"><h4>40- Salm\u00f3n al grill<\/h4>\n<\/div><\/div><div class=\"w-separator size_medium\"><\/div><\/div><\/div><\/div><div class=\"wpb_column vc_column_container\"><div class=\"vc_column-inner\"><div class=\"w-vwrapper align_none valign_top\"><div class=\"wpb_text_column\"><div class=\"wpb_wrapper\"><h4>41- Salm\u00f3n con salsa a las finas hierbas<\/h4>\n<p>Al grill.<\/p>\n<\/div><\/div><div class=\"w-separator size_medium\"><\/div><\/div><\/div><\/div><\/div><div class=\"g-cols wpb_row via_grid cols_2 laptops-cols_inherit tablets-cols_inherit mobiles-cols_1 valign_top type_default stacking_default\"><div class=\"wpb_column vc_column_container\"><div class=\"vc_column-inner\"><div class=\"w-vwrapper align_none valign_top\"><div class=\"wpb_text_column\"><div class=\"wpb_wrapper\"><h4>42- Langostinos salvajes a la plancha<\/h4>\n<p>Con papas fritas, ensalada y salsa rosa.<\/p>\n<\/div><\/div><div class=\"w-separator size_medium\"><\/div><\/div><\/div><\/div><div class=\"wpb_column vc_column_container\"><div class=\"vc_column-inner\"><\/div><\/div><\/div><\/div><\/div><\/div><\/div><\/div><\/div><\/div><\/div><\/div><\/section><section class=\"l-section wpb_row height_medium\"><div class=\"l-section-h i-cf\"><div class=\"g-cols vc_row via_grid cols_1 laptops-cols_inherit tablets-cols_inherit mobiles-cols_1 valign_top type_default stacking_default\"><div class=\"wpb_column vc_column_container\"><div class=\"vc_column-inner\"><div class=\"w-btn-wrapper align_none\"><a class=\"w-btn us-btn-style_1 us_custom_f1a4f275 us_animate_this\" href=\"\/es\/menu\/\"><span class=\"w-btn-label\">Volver al men\u00fa<\/span><\/a><\/div><div class=\"w-separator size_medium\"><\/div><\/div><\/div><\/div><\/div><\/section>\n","protected":false},"excerpt":{"rendered":"[vc_custom_heading text=\"MEN\u00da\" font_container=\"tag:div|text_align:left\" use_theme_fonts=\"yes\" css=\"%7B%22default%22%3A%7B%22text-align%22%3A%22center%22%2C%22font-size%22%3A%220.8rem%22%2C%22text-transform%22%3A%22uppercase%22%2C%22animation-name%22%3A%22fade%22%2C%22animation-delay%22%3A%220.5s%22%7D%7D\"][vc_custom_heading text=\"Pescados frescos\" font_container=\"tag:h2|text_align:center\" use_theme_fonts=\"yes\" css=\"%7B%22default%22%3A%7B%22color%22%3A%22%23333333%22%2C%22text-transform%22%3A%22uppercase%22%2C%22animation-name%22%3A%22fade%22%2C%22animation-delay%22%3A%220.5s%22%7D%7D\"]PESCADOSServidos con guarnici\u00f3n 38- Calamares a la romana servidos con papas fritas, ensalada y alioli. 39- Bacalao frito al estilo ingl\u00e9s (Fish and chips) servido con alioli. 40- Salm\u00f3n al grill 41- Salm\u00f3n con salsa a las finas hierbas Al grill. 42- Langostinos salvajes a la...","protected":false},"author":2,"featured_media":0,"parent":0,"menu_order":0,"comment_status":"closed","ping_status":"closed","template":"","meta":{"footnotes":""},"class_list":["post-533","page","type-page","status-publish","hentry"],"yoast_head":"<!-- This site is optimized with the Yoast SEO Premium plugin v22.4 (Yoast SEO v26.2) - https:\/\/yoast.com\/wordpress\/plugins\/seo\/ -->\n<title>Pescados - Mamma Mia Tenerife Restaurant<\/title>\n<meta name=\"robots\" content=\"index, follow, max-snippet:-1, max-image-preview:large, max-video-preview:-1\" \/>\n<link rel=\"canonical\" href=\"https:\/\/mammamiatenerife.es\/es\/pescados\/\" \/>\n<meta property=\"og:locale\" content=\"es_ES\" \/>\n<meta property=\"og:type\" content=\"article\" \/>\n<meta property=\"og:title\" content=\"Pescados\" \/>\n<meta property=\"og:url\" content=\"https:\/\/mammamiatenerife.es\/es\/pescados\/\" \/>\n<meta property=\"og:site_name\" content=\"Mamma Mia Tenerife Restaurant\" \/>\n<meta property=\"article:modified_time\" content=\"2026-05-13T10:03:07+00:00\" \/>\n<meta name=\"twitter:card\" content=\"summary_large_image\" \/>\n<meta name=\"twitter:label1\" content=\"Tiempo de lectura\" \/>\n\t<meta name=\"twitter:data1\" content=\"1 minuto\" \/>\n<script type=\"application\/ld+json\" class=\"yoast-schema-graph\">{\"@context\":\"https:\/\/schema.org\",\"@graph\":[{\"@type\":\"WebPage\",\"@id\":\"https:\/\/mammamiatenerife.es\/es\/pescados\/\",\"url\":\"https:\/\/mammamiatenerife.es\/es\/pescados\/\",\"name\":\"Pescados - Mamma Mia Tenerife Restaurant\",\"isPartOf\":{\"@id\":\"https:\/\/mammamiatenerife.es\/es\/#website\"},\"datePublished\":\"2024-03-20T12:37:07+00:00\",\"dateModified\":\"2026-05-13T10:03:07+00:00\",\"breadcrumb\":{\"@id\":\"https:\/\/mammamiatenerife.es\/es\/pescados\/#breadcrumb\"},\"inLanguage\":\"es\",\"potentialAction\":[{\"@type\":\"ReadAction\",\"target\":[\"https:\/\/mammamiatenerife.es\/es\/pescados\/\"]}]},{\"@type\":\"BreadcrumbList\",\"@id\":\"https:\/\/mammamiatenerife.es\/es\/pescados\/#breadcrumb\",\"itemListElement\":[{\"@type\":\"ListItem\",\"position\":1,\"name\":\"Portada\",\"item\":\"https:\/\/mammamiatenerife.es\/es\/\"},{\"@type\":\"ListItem\",\"position\":2,\"name\":\"Pescados\"}]},{\"@type\":\"WebSite\",\"@id\":\"https:\/\/mammamiatenerife.es\/es\/#website\",\"url\":\"https:\/\/mammamiatenerife.es\/es\/\",\"name\":\"Mamma Mia Tenerife Restaurant\",\"description\":\"Trattoria grill Pizza &amp; Pasta Factory\",\"publisher\":{\"@id\":\"https:\/\/mammamiatenerife.es\/es\/#organization\"},\"potentialAction\":[{\"@type\":\"SearchAction\",\"target\":{\"@type\":\"EntryPoint\",\"urlTemplate\":\"https:\/\/mammamiatenerife.es\/es\/?s={search_term_string}\"},\"query-input\":{\"@type\":\"PropertyValueSpecification\",\"valueRequired\":true,\"valueName\":\"search_term_string\"}}],\"inLanguage\":\"es\"},{\"@type\":[\"Organization\",\"Place\",\"Restaurant\"],\"@id\":\"https:\/\/mammamiatenerife.es\/es\/#organization\",\"name\":\"Mamma Mia\",\"url\":\"https:\/\/mammamiatenerife.es\/es\/\",\"logo\":{\"@id\":\"https:\/\/mammamiatenerife.es\/es\/pescados\/#local-main-organization-logo\"},\"image\":{\"@id\":\"https:\/\/mammamiatenerife.es\/es\/pescados\/#local-main-organization-logo\"},\"address\":{\"@id\":\"https:\/\/mammamiatenerife.es\/es\/pescados\/#local-main-place-address\"},\"geo\":{\"@type\":\"GeoCoordinates\",\"latitude\":\"28.05521501162057\",\"longitude\":\"-16.72985804397562\"},\"telephone\":[],\"contactPoint\":{\"@type\":\"ContactPoint\",\"telephone\":\"922797082\",\"email\":\"info@mammamiatenerife.es\"},\"openingHoursSpecification\":[{\"@type\":\"OpeningHoursSpecification\",\"dayOfWeek\":[\"Monday\",\"Tuesday\",\"Wednesday\",\"Thursday\",\"Friday\",\"Saturday\",\"Sunday\"],\"opens\":\"13:00\",\"closes\":\"23:00\"}],\"areaServed\":\"Tenerife\",\"priceRange\":\"$$\",\"currenciesAccepted\":\"Euro\"},{\"@type\":\"PostalAddress\",\"@id\":\"https:\/\/mammamiatenerife.es\/es\/pescados\/#local-main-place-address\",\"streetAddress\":\"Plaza, Av. las Am\u00e9ricas, 7, 38660 Arona, Santa Cruz de Tenerife\",\"addressLocality\":\"Playa de la Am\u00e9ricas\",\"postalCode\":\"38660\",\"addressCountry\":\"ES\"},{\"@type\":\"ImageObject\",\"inLanguage\":\"es\",\"@id\":\"https:\/\/mammamiatenerife.es\/es\/pescados\/#local-main-organization-logo\",\"url\":\"https:\/\/mammamiatenerife.es\/wp-content\/uploads\/2023\/05\/mamma-mia.png\",\"contentUrl\":\"https:\/\/mammamiatenerife.es\/wp-content\/uploads\/2023\/05\/mamma-mia.png\",\"width\":350,\"height\":350,\"caption\":\"Mamma Mia\"}]}<\/script>\n<meta name=\"geo.placename\" content=\"Playa de la Am\u00e9ricas\" \/>\n<meta name=\"geo.position\" content=\"28.05521501162057;-16.72985804397562\" \/>\n<meta name=\"geo.region\" content=\"Espa\u00f1a\" \/>\n<!-- \/ Yoast SEO Premium plugin. -->","yoast_head_json":{"title":"Pescados - Mamma Mia Tenerife Restaurant","robots":{"index":"index","follow":"follow","max-snippet":"max-snippet:-1","max-image-preview":"max-image-preview:large","max-video-preview":"max-video-preview:-1"},"canonical":"https:\/\/mammamiatenerife.es\/es\/pescados\/","og_locale":"es_ES","og_type":"article","og_title":"Pescados","og_url":"https:\/\/mammamiatenerife.es\/es\/pescados\/","og_site_name":"Mamma Mia Tenerife Restaurant","article_modified_time":"2026-05-13T10:03:07+00:00","twitter_card":"summary_large_image","twitter_misc":{"Tiempo de lectura":"1 minuto"},"schema":{"@context":"https:\/\/schema.org","@graph":[{"@type":"WebPage","@id":"https:\/\/mammamiatenerife.es\/es\/pescados\/","url":"https:\/\/mammamiatenerife.es\/es\/pescados\/","name":"Pescados - Mamma Mia Tenerife Restaurant","isPartOf":{"@id":"https:\/\/mammamiatenerife.es\/es\/#website"},"datePublished":"2024-03-20T12:37:07+00:00","dateModified":"2026-05-13T10:03:07+00:00","breadcrumb":{"@id":"https:\/\/mammamiatenerife.es\/es\/pescados\/#breadcrumb"},"inLanguage":"es","potentialAction":[{"@type":"ReadAction","target":["https:\/\/mammamiatenerife.es\/es\/pescados\/"]}]},{"@type":"BreadcrumbList","@id":"https:\/\/mammamiatenerife.es\/es\/pescados\/#breadcrumb","itemListElement":[{"@type":"ListItem","position":1,"name":"Portada","item":"https:\/\/mammamiatenerife.es\/es\/"},{"@type":"ListItem","position":2,"name":"Pescados"}]},{"@type":"WebSite","@id":"https:\/\/mammamiatenerife.es\/es\/#website","url":"https:\/\/mammamiatenerife.es\/es\/","name":"Mamma Mia Tenerife Restaurant","description":"Trattoria grill Pizza &amp; Pasta Factory","publisher":{"@id":"https:\/\/mammamiatenerife.es\/es\/#organization"},"potentialAction":[{"@type":"SearchAction","target":{"@type":"EntryPoint","urlTemplate":"https:\/\/mammamiatenerife.es\/es\/?s={search_term_string}"},"query-input":{"@type":"PropertyValueSpecification","valueRequired":true,"valueName":"search_term_string"}}],"inLanguage":"es"},{"@type":["Organization","Place","Restaurant"],"@id":"https:\/\/mammamiatenerife.es\/es\/#organization","name":"Mamma Mia","url":"https:\/\/mammamiatenerife.es\/es\/","logo":{"@id":"https:\/\/mammamiatenerife.es\/es\/pescados\/#local-main-organization-logo"},"image":{"@id":"https:\/\/mammamiatenerife.es\/es\/pescados\/#local-main-organization-logo"},"address":{"@id":"https:\/\/mammamiatenerife.es\/es\/pescados\/#local-main-place-address"},"geo":{"@type":"GeoCoordinates","latitude":"28.05521501162057","longitude":"-16.72985804397562"},"telephone":[],"contactPoint":{"@type":"ContactPoint","telephone":"922797082","email":"info@mammamiatenerife.es"},"openingHoursSpecification":[{"@type":"OpeningHoursSpecification","dayOfWeek":["Monday","Tuesday","Wednesday","Thursday","Friday","Saturday","Sunday"],"opens":"13:00","closes":"23:00"}],"areaServed":"Tenerife","priceRange":"$$","currenciesAccepted":"Euro"},{"@type":"PostalAddress","@id":"https:\/\/mammamiatenerife.es\/es\/pescados\/#local-main-place-address","streetAddress":"Plaza, Av. las Am\u00e9ricas, 7, 38660 Arona, Santa Cruz de Tenerife","addressLocality":"Playa de la Am\u00e9ricas","postalCode":"38660","addressCountry":"ES"},{"@type":"ImageObject","inLanguage":"es","@id":"https:\/\/mammamiatenerife.es\/es\/pescados\/#local-main-organization-logo","url":"https:\/\/mammamiatenerife.es\/wp-content\/uploads\/2023\/05\/mamma-mia.png","contentUrl":"https:\/\/mammamiatenerife.es\/wp-content\/uploads\/2023\/05\/mamma-mia.png","width":350,"height":350,"caption":"Mamma Mia"}]},"geo.placename":"Playa de la Am\u00e9ricas","geo.position":{"lat":"28.05521501162057","long":"-16.72985804397562"},"geo.region":"Espa\u00f1a"},"_links":{"self":[{"href":"https:\/\/mammamiatenerife.es\/es\/wp-json\/wp\/v2\/pages\/533","targetHints":{"allow":["GET"]}}],"collection":[{"href":"https:\/\/mammamiatenerife.es\/es\/wp-json\/wp\/v2\/pages"}],"about":[{"href":"https:\/\/mammamiatenerife.es\/es\/wp-json\/wp\/v2\/types\/page"}],"author":[{"embeddable":true,"href":"https:\/\/mammamiatenerife.es\/es\/wp-json\/wp\/v2\/users\/2"}],"replies":[{"embeddable":true,"href":"https:\/\/mammamiatenerife.es\/es\/wp-json\/wp\/v2\/comments?post=533"}],"version-history":[{"count":8,"href":"https:\/\/mammamiatenerife.es\/es\/wp-json\/wp\/v2\/pages\/533\/revisions"}],"predecessor-version":[{"id":703,"href":"https:\/\/mammamiatenerife.es\/es\/wp-json\/wp\/v2\/pages\/533\/revisions\/703"}],"wp:attachment":[{"href":"https:\/\/mammamiatenerife.es\/es\/wp-json\/wp\/v2\/media?parent=533"}],"curies":[{"name":"wp","href":"https:\/\/api.w.org\/{rel}","templated":true}]}}